{"id":9106,"date":"2025-02-18T14:14:28","date_gmt":"2025-02-18T17:14:28","guid":{"rendered":"https:\/\/maternity.outstandingaward.com\/?page_id=9106"},"modified":"2025-10-09T13:11:02","modified_gmt":"2025-10-09T16:11:02","slug":"photographers","status":"publish","type":"page","link":"https:\/\/maternity.outstandingaward.com\/eng\/photographers\/","title":{"rendered":"Fot\u00f3grafos"},"content":{"rendered":"<div data-elementor-type=\"wp-page\" data-elementor-id=\"9106\" class=\"elementor elementor-9106\" data-elementor-post-type=\"page\">\n\t\t\t\t<div class=\"elementor-element elementor-element-d6112ba e-flex e-con-boxed e-con e-parent\" data-id=\"d6112ba\" data-element_type=\"container\" data-e-type=\"container\">\n\t\t\t\t\t<div class=\"e-con-inner\">\n\t\t\t\t<div class=\"elementor-element elementor-element-e877cd0 elementor-widget elementor-widget-heading\" data-id=\"e877cd0\" data-element_type=\"widget\" data-e-type=\"widget\" data-widget_type=\"heading.default\">\n\t\t\t\t<div class=\"elementor-widget-container\">\n\t\t\t\t\t<h2 class=\"elementor-heading-title elementor-size-default\">Outstanding Gallery<\/h2>\t\t\t\t<\/div>\n\t\t\t\t<\/div>\n\t\t\t\t\t<\/div>\n\t\t\t\t<\/div>\n\t\t<div class=\"elementor-element elementor-element-8bb10e2 e-flex e-con-boxed e-con e-parent\" data-id=\"8bb10e2\" data-element_type=\"container\" data-e-type=\"container\">\n\t\t\t\t\t<div class=\"e-con-inner\">\n\t\t<div class=\"elementor-element elementor-element-c7b62f9 e-con-full e-flex e-con e-child\" data-id=\"c7b62f9\" data-element_type=\"container\" data-e-type=\"container\">\n\t\t\t\t<div class=\"elementor-element elementor-element-86854f6 elementor-widget elementor-widget-jet-smart-filters-search\" data-id=\"86854f6\" data-element_type=\"widget\" data-e-type=\"widget\" data-widget_type=\"jet-smart-filters-search.default\">\n\t\t\t\t<div class=\"elementor-widget-container\">\n\t\t\t\t\t<div class=\"jet-smart-filters-search jet-filter\"><div class=\"jet-search-filter\" data-query-type=\"_s\" data-query-var=\"query\" data-smart-filter=\"search\" data-filter-id=\"9214\" data-apply-type=\"ajax-ontyping\" data-content-provider=\"jet-engine\" data-additional-providers=\"\" data-query-id=\"lista-fotografos-filtrado\" data-active-label=\"\" data-layout-options=\"{&quot;show_label&quot;:&quot;&quot;,&quot;display_options&quot;:[]}\" data-query-var-suffix=\"search\" data-min-letters-count=\"4\">\n\t<div class=\"jet-search-filter__input-wrapper\">\n\t\t<input\n\t\t\tclass=\"jet-search-filter__input\"\n\t\t\ttype=\"search\"\n\t\t\tautocomplete=\"off\"\n\t\t\tname=\"query\"\n\t\t\tvalue=\"\"\n\t\t\tplaceholder=\"Search by name\"\n\t\t\taria-label=\"Pesquisa Fot\u00f3grafos\"\n\t\t\t\t\t>\n\t\t\t\t\t<div class=\"jet-search-filter__input-clear\">\n\t\t\t\t<svg width=\"22\" height=\"28\" viewbox=\"0 0 22 28\" xmlns=\"http:\/\/www.w3.org\/2000\/svg\">\n\t<path d=\"M20.281 20.656c0 0.391-0.156 0.781-0.438 1.062l-2.125 2.125c-0.281 0.281-0.672 0.438-1.062 0.438s-0.781-0.156-1.062-0.438l-4.594-4.594-4.594 4.594c-0.281 0.281-0.672 0.438-1.062 0.438s-0.781-0.156-1.062-0.438l-2.125-2.125c-0.281-0.281-0.438-0.672-0.438-1.062s0.156-0.781 0.438-1.062l4.594-4.594-4.594-4.594c-0.281-0.281-0.438-0.672-0.438-1.062s0.156-0.781 0.438-1.062l2.125-2.125c0.281-0.281 0.672-0.438 1.062-0.438s0.781 0.156 1.062 0.438l4.594 4.594 4.594-4.594c0.281-0.281 0.672-0.438 1.062-0.438s0.781 0.156 1.062 0.438l2.125 2.125c0.281 0.281 0.438 0.672 0.438 1.062s-0.156 0.781-0.438 1.062l-4.594 4.594 4.594 4.594c0.281 0.281 0.438 0.672 0.438 1.062z\"><\/path>\n<\/svg>\n\t\t\t<\/div>\n\t\t\t<div class=\"jet-search-filter__input-loading\"><\/div>\n\t\t\t<\/div>\n\t<\/div>\n<\/div>\t\t\t\t<\/div>\n\t\t\t\t<\/div>\n\t\t\t\t<\/div>\n\t\t<div class=\"elementor-element elementor-element-bf3da2e e-con-full e-flex e-con e-child\" data-id=\"bf3da2e\" data-element_type=\"container\" data-e-type=\"container\">\n\t\t\t\t<div class=\"elementor-element elementor-element-c45d8ce jet-smart-filter-content-position-line jet-smart-filter-content-position-line jet-smart-filter-group-position-column elementor-widget elementor-widget-jet-smart-filters-select\" data-id=\"c45d8ce\" data-element_type=\"widget\" data-e-type=\"widget\" id=\"filtroLocalidade\" data-widget_type=\"jet-smart-filters-select.default\">\n\t\t\t\t<div class=\"elementor-widget-container\">\n\t\t\t\t\t<div class=\"jet-smart-filters-hierarchy jet-filter\" data-indexer-rule=\"show\" data-show-counter=\"\" data-change-counter=\"always\"><div class=\"jet-filters-group\">\n<div class=\"jet-select\" data-query-type=\"tax_query\" data-query-var=\"localizacao\" data-smart-filter=\"select\" data-filter-id=\"9226\" data-apply-type=\"ajax\" data-content-provider=\"jet-engine\" data-additional-providers=\"\" data-query-id=\"lista-fotografos-filtrado\" data-active-label=\"\" data-layout-options=\"{&quot;show_label&quot;:&quot;&quot;,&quot;display_options&quot;:{&quot;show_items_label&quot;:false,&quot;show_decorator&quot;:false,&quot;filter_image_size&quot;:&quot;full&quot;,&quot;show_counter&quot;:false}}\" data-query-var-suffix=\"\" data-apply-on=\"value\" data-hierarchical=\"1\">\n\t\t\t\t<select\n\t\t\tclass=\"jet-select__control depth-0\"\n\t\t\tname=\"localizacao\"\n\t\t\t\t\t\taria-label=\"Filtro de localidade\"\n\t\t>\n\t\t\t\t\t<option value=\"\">Select a continent<\/option>\n\t\t\n\t\t\t\t\t<option\n\t\t\t\tvalue=\"378\"\n\t\t\t\tdata-label=\"Am\u00e9rica do Norte\"\n\t\t\t\tdata-counter-prefix=\"\"\n\t\t\t\tdata-counter-suffix=\"\"\n\t\t\t\t\t\t\t\t\t\t\t>North America<\/option>\n\t\t\t\t\t\t<option\n\t\t\t\tvalue=\"347\"\n\t\t\t\tdata-label=\"Am\u00e9rica do Sul\"\n\t\t\t\tdata-counter-prefix=\"\"\n\t\t\t\tdata-counter-suffix=\"\"\n\t\t\t\t\t\t\t\t\t\t\t>South America<\/option>\n\t\t\t\t\t\t<option\n\t\t\t\tvalue=\"379\"\n\t\t\t\tdata-label=\"\u00c1sia\"\n\t\t\t\tdata-counter-prefix=\"\"\n\t\t\t\tdata-counter-suffix=\"\"\n\t\t\t\t\t\t\t\t\t\t\t>Asia<\/option>\n\t\t\t\t\t\t<option\n\t\t\t\tvalue=\"376\"\n\t\t\t\tdata-label=\"Europa\"\n\t\t\t\tdata-counter-prefix=\"\"\n\t\t\t\tdata-counter-suffix=\"\"\n\t\t\t\t\t\t\t\t\t\t\t>Europe<\/option>\n\t\t\t\t\t\t<option\n\t\t\t\tvalue=\"380\"\n\t\t\t\tdata-label=\"Oceania\"\n\t\t\t\tdata-counter-prefix=\"\"\n\t\t\t\tdata-counter-suffix=\"\"\n\t\t\t\t\t\t\t\t\t\t\t>Oceania<\/option>\n\t\t\t<\/select>\n\t<\/div>\n<div class=\"jet-select\" data-query-type=\"tax_query\" data-query-var=\"localizacao\" data-smart-filter=\"select\" data-filter-id=\"9226\" data-apply-type=\"ajax\" data-content-provider=\"jet-engine\" data-additional-providers=\"\" data-query-id=\"lista-fotografos-filtrado\" data-active-label=\"\" data-layout-options=\"{&quot;show_label&quot;:&quot;&quot;,&quot;display_options&quot;:{&quot;show_items_label&quot;:false,&quot;show_decorator&quot;:false,&quot;filter_image_size&quot;:&quot;full&quot;,&quot;show_counter&quot;:false}}\" data-query-var-suffix=\"\" data-apply-on=\"value\" data-hierarchical=\"1\">\n\t\t\t\t<select\n\t\t\tclass=\"jet-select__control depth-1\"\n\t\t\tname=\"localizacao\"\n\t\t\t\t\t\taria-label=\"Filtro de localidade\"\n\t\t>\n\t\t\t\t\t<option value=\"\">Select a country<\/option>\n\t\t\n\t\t<\/select>\n\t<\/div>\n<div class=\"jet-select\" data-query-type=\"tax_query\" data-query-var=\"localizacao\" data-smart-filter=\"select\" data-filter-id=\"9226\" data-apply-type=\"ajax\" data-content-provider=\"jet-engine\" data-additional-providers=\"\" data-query-id=\"lista-fotografos-filtrado\" data-active-label=\"\" data-layout-options=\"{&quot;show_label&quot;:&quot;&quot;,&quot;display_options&quot;:{&quot;show_items_label&quot;:false,&quot;show_decorator&quot;:false,&quot;filter_image_size&quot;:&quot;full&quot;,&quot;show_counter&quot;:false}}\" data-query-var-suffix=\"\" data-apply-on=\"value\" data-hierarchical=\"1\">\n\t\t\t\t<select\n\t\t\tclass=\"jet-select__control depth-2\"\n\t\t\tname=\"localizacao\"\n\t\t\t\t\t\taria-label=\"Filtro de localidade\"\n\t\t>\n\t\t\t\t\t<option value=\"\">Select a state<\/option>\n\t\t\n\t\t<\/select>\n\t<\/div>\n<\/div>\n<\/div>\t\t\t\t<\/div>\n\t\t\t\t<\/div>\n\t\t\t\t<\/div>\n\t\t<div class=\"elementor-element elementor-element-e19a519 e-con-full e-flex e-con e-child\" data-id=\"e19a519\" data-element_type=\"container\" data-e-type=\"container\">\n\t\t\t\t<div class=\"elementor-element elementor-element-3ea3d59 elementor-align-right elementor-mobile-align-justify botao2 elementor-invisible elementor-widget elementor-widget-button\" data-id=\"3ea3d59\" data-element_type=\"widget\" data-e-type=\"widget\" data-settings=\"{&quot;_animation&quot;:&quot;fadeInLeft&quot;}\" data-widget_type=\"button.default\">\n\t\t\t\t<div class=\"elementor-widget-container\">\n\t\t\t\t\t\t\t\t\t<div class=\"elementor-button-wrapper\">\n\t\t\t\t\t<a class=\"elementor-button elementor-button-link elementor-size-xs\" href=\"https:\/\/maternity.outstandingaward.com\/eng\/outstanding-gallery\/\">\n\t\t\t\t\t\t<span class=\"elementor-button-content-wrapper\">\n\t\t\t\t\t\t\t\t\t<span class=\"elementor-button-text\">I want my Outstanding Gallery<\/span>\n\t\t\t\t\t<\/span>\n\t\t\t\t\t<\/a>\n\t\t\t\t<\/div>\n\t\t\t\t\t\t\t\t<\/div>\n\t\t\t\t<\/div>\n\t\t\t\t<\/div>\n\t\t\t\t\t<\/div>\n\t\t\t\t<\/div>\n\t\t<div class=\"elementor-element elementor-element-e9fec52 e-flex e-con-boxed e-con e-parent\" data-id=\"e9fec52\" data-element_type=\"container\" data-e-type=\"container\">\n\t\t\t\t\t<div class=\"e-con-inner\">\n\t\t\t\t<div class=\"elementor-element elementor-element-42cd471 elementor-widget elementor-widget-jet-listing-grid\" data-id=\"42cd471\" data-element_type=\"widget\" data-e-type=\"widget\" id=\"lista-fotografos-filtrado\" data-settings=\"{&quot;columns&quot;:&quot;4&quot;,&quot;columns_mobile&quot;:&quot;2&quot;}\" data-widget_type=\"jet-listing-grid.default\">\n\t\t\t\t<div class=\"elementor-widget-container\">\n\t\t\t\t\t<div class=\"jet-listing-grid jet-listing-grid--lazy-load jet-listing jet-listing-grid-loading\" data-lazy-load=\"{&quot;offset&quot;:&quot;0px&quot;,&quot;post_id&quot;:9106,&quot;queried_id&quot;:&quot;9106|WP_Post&quot;}\"><div class=\"jet-listing-grid__loader\"><div class=\"jet-listing-grid__loader-spinner\"><\/div><\/div><\/div>\t\t\t\t<\/div>\n\t\t\t\t<\/div>\n\t\t\t\t\t<\/div>\n\t\t\t\t<\/div>\n\t\t\t\t<\/div>","protected":false},"excerpt":{"rendered":"<p>Outstanding Gallery Selecione o continenteAm\u00e9rica do NorteAm\u00e9rica do Sul\u00c1siaEuropaOceania Selecione o pa\u00eds Selecione o estado Quero minha Outstanding Gallery<\/p>","protected":false},"author":9,"featured_media":0,"parent":0,"menu_order":0,"comment_status":"closed","ping_status":"closed","template":"elementor_header_footer","meta":{"_acf_changed":false,"footnotes":""},"class_list":["post-9106","page","type-page","status-publish","hentry"],"acf":[],"amp_enabled":false,"_links":{"self":[{"href":"https:\/\/maternity.outstandingaward.com\/eng\/wp-json\/wp\/v2\/pages\/9106","targetHints":{"allow":["GET"]}}],"collection":[{"href":"https:\/\/maternity.outstandingaward.com\/eng\/wp-json\/wp\/v2\/pages"}],"about":[{"href":"https:\/\/maternity.outstandingaward.com\/eng\/wp-json\/wp\/v2\/types\/page"}],"author":[{"embeddable":true,"href":"https:\/\/maternity.outstandingaward.com\/eng\/wp-json\/wp\/v2\/users\/9"}],"replies":[{"embeddable":true,"href":"https:\/\/maternity.outstandingaward.com\/eng\/wp-json\/wp\/v2\/comments?post=9106"}],"version-history":[{"count":139,"href":"https:\/\/maternity.outstandingaward.com\/eng\/wp-json\/wp\/v2\/pages\/9106\/revisions"}],"predecessor-version":[{"id":10230,"href":"https:\/\/maternity.outstandingaward.com\/eng\/wp-json\/wp\/v2\/pages\/9106\/revisions\/10230"}],"wp:attachment":[{"href":"https:\/\/maternity.outstandingaward.com\/eng\/wp-json\/wp\/v2\/media?parent=9106"}],"curies":[{"name":"wp","href":"https:\/\/api.w.org\/{rel}","templated":true}]}}