{"id":6934,"date":"2023-08-04T23:52:13","date_gmt":"2023-08-05T02:52:13","guid":{"rendered":"https:\/\/maternity.outstandingaward.com\/regulamento-copy\/"},"modified":"2024-08-16T15:38:45","modified_gmt":"2024-08-16T18:38:45","slug":"sobre","status":"publish","type":"page","link":"https:\/\/maternity.outstandingaward.com\/eng\/sobre\/","title":{"rendered":"About"},"content":{"rendered":"<div data-elementor-type=\"wp-post\" data-elementor-id=\"6934\" class=\"elementor elementor-6934\" data-elementor-post-type=\"page\">\n\t\t\t\t<div class=\"elementor-element elementor-element-727230a e-flex e-con-boxed e-con e-parent\" data-id=\"727230a\" data-element_type=\"container\" data-e-type=\"container\" data-settings=\"{&quot;background_background&quot;:&quot;classic&quot;}\">\n\t\t\t\t\t<div class=\"e-con-inner\">\n\t\t<div class=\"elementor-element elementor-element-b4c4e31 e-flex e-con-boxed e-con e-child\" data-id=\"b4c4e31\" data-element_type=\"container\" data-e-type=\"container\">\n\t\t\t\t\t<div class=\"e-con-inner\">\n\t\t\t\t<div class=\"elementor-element elementor-element-c939141 elementor-widget elementor-widget-heading\" data-id=\"c939141\" data-element_type=\"widget\" data-e-type=\"widget\" data-widget_type=\"heading.default\">\n\t\t\t\t<div class=\"elementor-widget-container\">\n\t\t\t\t\t<h2 class=\"elementor-heading-title elementor-size-default\">About<\/h2>\t\t\t\t<\/div>\n\t\t\t\t<\/div>\n\t\t\t\t<div class=\"elementor-element elementor-element-f41d351 elementor-widget elementor-widget-text-editor\" data-id=\"f41d351\" data-element_type=\"widget\" data-e-type=\"widget\" data-widget_type=\"text-editor.default\">\n\t\t\t\t<div class=\"elementor-widget-container\">\n\t\t\t\t\t\t\t\t\t<div>OUTSTANDING PHOTO AWARD \/ OUTSTANDING MATERNITY AWARD<\/div>\n&nbsp;\n<div>Welcome to the Outstanding Photo Award, a celebration of the art of photography, founded in 2014.<\/div>\n&nbsp;\n<div>The Outstanding Photo Award \/ Outstanding Maternity Award was born from the shared love for photography and the desire to recognize exceptional talents dedicated to portraying beauty around the world.<\/div>\n&nbsp;\n<div>Through the collaboration of talented photographers, the Outstanding Photo Award | Outstanding Maternity Award has grown to become a prominent accolade in the world of photography. We gratefully welcome renowned professionals and aspiring artists, who enchant us with their creative and passionate visions.<\/div>\n&nbsp;\n<div>Our innovative concept has captured the hearts of photography enthusiasts worldwide, successfully replicated in over 6 countries. This explosive growth fills us with pride and motivates us to continue unveiling outstanding names in family and maternity photography on an international scale.<\/div>\n&nbsp;\n<div>To further support photographers, we have an exclusive website showcasing the winners' works, allowing their images to shine in all their splendor. At the Outstanding Photo Award, we understand the value and importance of recognizing the hard work and dedication of professionals. We aim to propel the growth of this industry, inspiring and encouraging our participants to reach new heights in their careers.<\/div>\n&nbsp;\n<div>Join us on this thrilling journey of the art of photography!<\/div>\n<\/div>\n<\/div>\t\t\t\t\t\t\t\t<\/div>\n\t\t\t\t<\/div>\n\t\t\t\t<div class=\"elementor-element elementor-element-c14069f elementor-align-left elementor-mobile-align-justify elementor-widget elementor-widget-button\" data-id=\"c14069f\" data-element_type=\"widget\" data-e-type=\"widget\" data-widget_type=\"button.default\">\n\t\t\t\t<div class=\"elementor-widget-container\">\n\t\t\t\t\t\t\t\t\t<div class=\"elementor-button-wrapper\">\n\t\t\t\t\t<a class=\"elementor-button elementor-button-link elementor-size-xs\" href=\"https:\/\/app.outstandingaward.com\" lang=\"brasileiros\">\n\t\t\t\t\t\t<span class=\"elementor-button-content-wrapper\">\n\t\t\t\t\t\t\t\t\t<span class=\"elementor-button-text\">Submit your photos<\/span>\n\t\t\t\t\t<\/span>\n\t\t\t\t\t<\/a>\n\t\t\t\t<\/div>\n\t\t\t\t\t\t\t\t<\/div>\n\t\t\t\t<\/div>\n\t\t\t\t\t<\/div>\n\t\t\t\t<\/div>\n\t\t\t\t\t<\/div>\n\t\t\t\t<\/div>\n\t\t\t\t<\/div>","protected":false},"excerpt":{"rendered":"<p>Sobre OUTSTANDING PHOTO AWARD \/ OUTSTANDING MATERNITY AWARD &nbsp; Bem-vindo \u00e0 Outstanding Photo Award, uma celebra\u00e7\u00e3o da arte da fotografia, fundada em 2014. &nbsp; O Outstanding Photo Award \/ Outstanding Maternity Award nasceu do amor compartilhado pela fotografia e do desejo de reconhecer os talentos excepcionais que se dedicam a retratar a beleza ao redor [&hellip;]<\/p>\n","protected":false},"author":10,"featured_media":0,"parent":0,"menu_order":0,"comment_status":"closed","ping_status":"closed","template":"elementor_header_footer","meta":{"_acf_changed":false,"footnotes":""},"class_list":["post-6934","page","type-page","status-publish","hentry"],"acf":[],"amp_enabled":false,"_links":{"self":[{"href":"https:\/\/maternity.outstandingaward.com\/eng\/wp-json\/wp\/v2\/pages\/6934","targetHints":{"allow":["GET"]}}],"collection":[{"href":"https:\/\/maternity.outstandingaward.com\/eng\/wp-json\/wp\/v2\/pages"}],"about":[{"href":"https:\/\/maternity.outstandingaward.com\/eng\/wp-json\/wp\/v2\/types\/page"}],"author":[{"embeddable":true,"href":"https:\/\/maternity.outstandingaward.com\/eng\/wp-json\/wp\/v2\/users\/10"}],"replies":[{"embeddable":true,"href":"https:\/\/maternity.outstandingaward.com\/eng\/wp-json\/wp\/v2\/comments?post=6934"}],"version-history":[{"count":0,"href":"https:\/\/maternity.outstandingaward.com\/eng\/wp-json\/wp\/v2\/pages\/6934\/revisions"}],"wp:attachment":[{"href":"https:\/\/maternity.outstandingaward.com\/eng\/wp-json\/wp\/v2\/media?parent=6934"}],"curies":[{"name":"wp","href":"https:\/\/api.w.org\/{rel}","templated":true}]}}